{"id":47,"date":"2025-03-31T09:24:52","date_gmt":"2025-03-31T13:24:52","guid":{"rendered":"https:\/\/excavationdupras.com\/site\/?page_id=47"},"modified":"2025-04-19T17:29:56","modified_gmt":"2025-04-19T21:29:56","slug":"a-propos","status":"publish","type":"page","link":"https:\/\/excavationdupras.com\/site\/a-propos\/","title":{"rendered":"\u00c0 Propos"},"content":{"rendered":"\t\t<div data-elementor-type=\"wp-page\" data-elementor-id=\"47\" class=\"elementor elementor-47\">\n\t\t\t\t<div class=\"elementor-element elementor-element-75c35445 e-flex e-con-boxed e-con e-parent\" data-id=\"75c35445\" data-element_type=\"container\" data-settings=\"{&quot;background_background&quot;:&quot;gradient&quot;}\">\n\t\t\t\t\t<div class=\"e-con-inner\">\n\t\t<div class=\"elementor-element elementor-element-68ea84f0 e-con-full e-flex e-con e-child\" data-id=\"68ea84f0\" data-element_type=\"container\">\n\t\t<div class=\"elementor-element elementor-element-54b8db0a e-con-full e-flex e-con e-child\" data-id=\"54b8db0a\" data-element_type=\"container\">\n\t\t\t\t<div class=\"elementor-element elementor-element-6af976b8 elementor-widget elementor-widget-image\" data-id=\"6af976b8\" data-element_type=\"widget\" data-widget_type=\"image.default\">\n\t\t\t\t<div class=\"elementor-widget-container\">\n\t\t\t\t\t\t\t\t\t\t\t\t\t\t\t<img fetchpriority=\"high\" decoding=\"async\" width=\"451\" height=\"451\" src=\"https:\/\/excavationdupras.com\/site\/wp-content\/uploads\/2025\/04\/famille.jpg\" class=\"attachment-large size-large wp-image-1369\" alt=\"\" srcset=\"https:\/\/excavationdupras.com\/site\/wp-content\/uploads\/2025\/04\/famille.jpg 451w, https:\/\/excavationdupras.com\/site\/wp-content\/uploads\/2025\/04\/famille-300x300.jpg 300w, https:\/\/excavationdupras.com\/site\/wp-content\/uploads\/2025\/04\/famille-150x150.jpg 150w\" sizes=\"(max-width: 451px) 100vw, 451px\" \/>\t\t\t\t\t\t\t\t\t\t\t\t\t\t\t<\/div>\n\t\t\t\t<\/div>\n\t\t\t\t<div class=\"elementor-element elementor-element-4c9fa34d elementor-widget elementor-widget-image\" data-id=\"4c9fa34d\" data-element_type=\"widget\" data-widget_type=\"image.default\">\n\t\t\t\t<div class=\"elementor-widget-container\">\n\t\t\t\t\t\t\t\t\t\t\t\t\t\t\t<img decoding=\"async\" width=\"1024\" height=\"1024\" src=\"https:\/\/excavationdupras.com\/site\/wp-content\/uploads\/2025\/04\/Vrac-2.jpg\" class=\"attachment-large size-large wp-image-1377\" alt=\"\" srcset=\"https:\/\/excavationdupras.com\/site\/wp-content\/uploads\/2025\/04\/Vrac-2.jpg 1024w, https:\/\/excavationdupras.com\/site\/wp-content\/uploads\/2025\/04\/Vrac-2-300x300.jpg 300w, https:\/\/excavationdupras.com\/site\/wp-content\/uploads\/2025\/04\/Vrac-2-150x150.jpg 150w, https:\/\/excavationdupras.com\/site\/wp-content\/uploads\/2025\/04\/Vrac-2-768x768.jpg 768w\" sizes=\"(max-width: 1024px) 100vw, 1024px\" \/>\t\t\t\t\t\t\t\t\t\t\t\t\t\t\t<\/div>\n\t\t\t\t<\/div>\n\t\t\t\t<\/div>\n\t\t<div class=\"elementor-element elementor-element-2fa92aff e-con-full e-flex e-con e-child\" data-id=\"2fa92aff\" data-element_type=\"container\">\n\t\t\t\t<div class=\"elementor-element elementor-element-138a300d elementor-widget elementor-widget-image\" data-id=\"138a300d\" data-element_type=\"widget\" data-widget_type=\"image.default\">\n\t\t\t\t<div class=\"elementor-widget-container\">\n\t\t\t\t\t\t\t\t\t\t\t\t\t\t\t<img decoding=\"async\" width=\"768\" height=\"1024\" src=\"https:\/\/excavationdupras.com\/site\/wp-content\/uploads\/2025\/04\/A-propos-768x1024.jpg\" class=\"attachment-large size-large wp-image-1373\" alt=\"\" srcset=\"https:\/\/excavationdupras.com\/site\/wp-content\/uploads\/2025\/04\/A-propos-768x1024.jpg 768w, https:\/\/excavationdupras.com\/site\/wp-content\/uploads\/2025\/04\/A-propos-225x300.jpg 225w, https:\/\/excavationdupras.com\/site\/wp-content\/uploads\/2025\/04\/A-propos.jpg 1080w\" sizes=\"(max-width: 768px) 100vw, 768px\" \/>\t\t\t\t\t\t\t\t\t\t\t\t\t\t\t<\/div>\n\t\t\t\t<\/div>\n\t\t\t\t<div class=\"elementor-element elementor-element-371c613 elementor-widget elementor-widget-image\" data-id=\"371c613\" data-element_type=\"widget\" data-widget_type=\"image.default\">\n\t\t\t\t<div class=\"elementor-widget-container\">\n\t\t\t\t\t\t\t\t\t\t\t\t\t\t\t<img loading=\"lazy\" decoding=\"async\" width=\"1024\" height=\"416\" src=\"https:\/\/excavationdupras.com\/site\/wp-content\/uploads\/2025\/04\/Dupras-Icone-1024x416.png\" class=\"attachment-large size-large wp-image-1376\" alt=\"\" srcset=\"https:\/\/excavationdupras.com\/site\/wp-content\/uploads\/2025\/04\/Dupras-Icone-1024x416.png 1024w, https:\/\/excavationdupras.com\/site\/wp-content\/uploads\/2025\/04\/Dupras-Icone-300x122.png 300w, https:\/\/excavationdupras.com\/site\/wp-content\/uploads\/2025\/04\/Dupras-Icone-768x312.png 768w, https:\/\/excavationdupras.com\/site\/wp-content\/uploads\/2025\/04\/Dupras-Icone.png 1191w\" sizes=\"(max-width: 1024px) 100vw, 1024px\" \/>\t\t\t\t\t\t\t\t\t\t\t\t\t\t\t<\/div>\n\t\t\t\t<\/div>\n\t\t\t\t<\/div>\n\t\t\t\t<\/div>\n\t\t<div class=\"elementor-element elementor-element-4327e010 e-con-full e-flex e-con e-child\" data-id=\"4327e010\" data-element_type=\"container\">\n\t\t\t\t<div class=\"elementor-element elementor-element-1b0729b3 elementor-widget elementor-widget-text-editor\" data-id=\"1b0729b3\" data-element_type=\"widget\" data-widget_type=\"text-editor.default\">\n\t\t\t\t<div class=\"elementor-widget-container\">\n\t\t\t\t\t\t\t\t\t<p><span style=\"color: #000000;\">Transport Yves Dupras inc. a \u00e9t\u00e9 fond\u00e9 en 1989 par Yves Dupras. Ce dernier a d\u00e9but\u00e9 dans le domaine du transport et de l&rsquo;excavation au sein de l&rsquo;entreprise familiale en 1972. Son fils Ian a joint l&rsquo;entreprise familiale, \u00e0 temps plein, en 1996, apr\u00e8s avoir compl\u00e9t\u00e9 son DEC en g\u00e9nie civil.<\/span><\/p><p><span style=\"color: #000000;\">De nos tout d\u00e9buts, \u00e0 trois unit\u00e9s, \u00e0 aujourd&rsquo;hui, poss\u00e9dant plus de trente unit\u00e9s, l&rsquo;expansion est constante. Par notre souci du travail bien fait, nous avons su nous b\u00e2tir une excellente r\u00e9putation et une client\u00e8le r\u00e9guli\u00e8re. En renouvelant constamment notre flotte d&rsquo;\u00e9quipement et en s&rsquo;entourant de personnel consciencieux, nous avons su consolider notre r\u00e9putation.<\/span><\/p><p><span style=\"color: #000000;\">Quels que soient vos travaux d&rsquo;excavation, nous avons la comp\u00e9tence et l&rsquo;\u00e9quipement pour vous!<\/span><\/p>\t\t\t\t\t\t\t\t<\/div>\n\t\t\t\t<\/div>\n\t\t\t\t<div class=\"elementor-element elementor-element-2552207 elementor-view-framed elementor-shape-circle elementor-widget elementor-widget-icon\" data-id=\"2552207\" data-element_type=\"widget\" data-widget_type=\"icon.default\">\n\t\t\t\t<div class=\"elementor-widget-container\">\n\t\t\t\t\t\t\t<div class=\"elementor-icon-wrapper\">\n\t\t\t<div class=\"elementor-icon\">\n\t\t\t<svg aria-hidden=\"true\" class=\"e-font-icon-svg e-fas-truck-moving\" viewBox=\"0 0 640 512\" xmlns=\"http:\/\/www.w3.org\/2000\/svg\"><path d=\"M621.3 237.3l-58.5-58.5c-12-12-28.3-18.7-45.3-18.7H480V64c0-17.7-14.3-32-32-32H32C14.3 32 0 46.3 0 64v336c0 44.2 35.8 80 80 80 26.3 0 49.4-12.9 64-32.4 14.6 19.6 37.7 32.4 64 32.4 44.2 0 80-35.8 80-80 0-5.5-.6-10.8-1.6-16h163.2c-1.1 5.2-1.6 10.5-1.6 16 0 44.2 35.8 80 80 80s80-35.8 80-80c0-5.5-.6-10.8-1.6-16H624c8.8 0 16-7.2 16-16v-85.5c0-17-6.7-33.2-18.7-45.2zM80 432c-17.6 0-32-14.4-32-32s14.4-32 32-32 32 14.4 32 32-14.4 32-32 32zm128 0c-17.6 0-32-14.4-32-32s14.4-32 32-32 32 14.4 32 32-14.4 32-32 32zm272-224h37.5c4.3 0 8.3 1.7 11.3 4.7l43.3 43.3H480v-48zm48 224c-17.6 0-32-14.4-32-32s14.4-32 32-32 32 14.4 32 32-14.4 32-32 32z\"><\/path><\/svg>\t\t\t<\/div>\n\t\t<\/div>\n\t\t\t\t\t\t<\/div>\n\t\t\t\t<\/div>\n\t\t\t\t<\/div>\n\t\t\t\t\t<\/div>\n\t\t\t\t<\/div>\n\t\t<div class=\"elementor-element elementor-element-20221482 e-con-full e-flex e-con e-parent\" data-id=\"20221482\" data-element_type=\"container\" data-settings=\"{&quot;background_background&quot;:&quot;gradient&quot;}\">\n\t\t<div class=\"elementor-element elementor-element-126ca667 e-con-full e-flex e-con e-child\" data-id=\"126ca667\" data-element_type=\"container\">\n\t\t\t\t<div class=\"elementor-element elementor-element-231e9e67 elementor-widget__width-initial elementor-widget elementor-widget-heading\" data-id=\"231e9e67\" data-element_type=\"widget\" data-widget_type=\"heading.default\">\n\t\t\t\t<div class=\"elementor-widget-container\">\n\t\t\t\t\t<h3 class=\"elementor-heading-title elementor-size-default\">R\u00e9gions desservies<\/h3>\t\t\t\t<\/div>\n\t\t\t\t<\/div>\n\t\t\t\t<div class=\"elementor-element elementor-element-40956509 elementor-widget__width-initial elementor-widget elementor-widget-text-editor\" data-id=\"40956509\" data-element_type=\"widget\" data-widget_type=\"text-editor.default\">\n\t\t\t\t<div class=\"elementor-widget-container\">\n\t\t\t\t\t\t\t\t\t<ul><li>Saint-Lazare<\/li><li>Rigaud<\/li><li>Hudson<\/li><li>Vaudreuil-Dorion<\/li><li>\u00cele-Perrot<\/li><li>Pincourt<\/li><li>\u00cele-Bizard<\/li><li>Baie d&rsquo;Urf\u00e9<\/li><li>Senneville<\/li><li>Ste-Anne-de-Bellevue<\/li><li>Beaconsfield<\/li><li>Sainte-Marthe<\/li><li>Tr\u00e8s-Saint-R\u00e9dempteur<\/li><li>Pointe-Fortune<\/li><li>Saint-Clet<\/li><li>Les C\u00e8dres<\/li><li>Les Coteaux<\/li><li>Coteaux-Du-Lac<\/li><li>Pointe-Des-Cascades<\/li><li>Saint-Zotique<\/li><li>Saint-Polycarpe<\/li><li>Saint-T\u00e9l\u00e9sphore<\/li><li>Sainte-Justine-de-Newton<\/li><li>Rivi\u00e8re-Beaudette<\/li><\/ul>\t\t\t\t\t\t\t\t<\/div>\n\t\t\t\t<\/div>\n\t\t\t\t<\/div>\n\t\t<div class=\"elementor-element elementor-element-1d2170d3 e-con-full e-flex e-con e-child\" data-id=\"1d2170d3\" data-element_type=\"container\" data-settings=\"{&quot;background_background&quot;:&quot;classic&quot;}\">\n\t\t\t\t<div class=\"elementor-element elementor-element-b4c52d4 elementor-widget elementor-widget-image\" data-id=\"b4c52d4\" data-element_type=\"widget\" data-widget_type=\"image.default\">\n\t\t\t\t<div class=\"elementor-widget-container\">\n\t\t\t\t\t\t\t\t\t\t\t\t\t\t\t<img loading=\"lazy\" decoding=\"async\" width=\"1024\" height=\"882\" src=\"https:\/\/excavationdupras.com\/site\/wp-content\/uploads\/2025\/04\/Region-Desservie-1024x882.jpg\" class=\"attachment-large size-large wp-image-1324\" alt=\"\" srcset=\"https:\/\/excavationdupras.com\/site\/wp-content\/uploads\/2025\/04\/Region-Desservie-1024x882.jpg 1024w, https:\/\/excavationdupras.com\/site\/wp-content\/uploads\/2025\/04\/Region-Desservie-300x258.jpg 300w, https:\/\/excavationdupras.com\/site\/wp-content\/uploads\/2025\/04\/Region-Desservie-768x661.jpg 768w, https:\/\/excavationdupras.com\/site\/wp-content\/uploads\/2025\/04\/Region-Desservie.jpg 1080w\" sizes=\"(max-width: 1024px) 100vw, 1024px\" \/>\t\t\t\t\t\t\t\t\t\t\t\t\t\t\t<\/div>\n\t\t\t\t<\/div>\n\t\t\t\t<div class=\"elementor-element elementor-element-f8325e9 elementor-widget elementor-widget-image\" data-id=\"f8325e9\" data-element_type=\"widget\" data-widget_type=\"image.default\">\n\t\t\t\t<div class=\"elementor-widget-container\">\n\t\t\t\t\t\t\t\t\t\t\t\t\t\t\t<img loading=\"lazy\" decoding=\"async\" width=\"1024\" height=\"700\" src=\"https:\/\/excavationdupras.com\/site\/wp-content\/uploads\/2025\/04\/Region-2.jpg\" class=\"attachment-large size-large wp-image-1326\" alt=\"\" srcset=\"https:\/\/excavationdupras.com\/site\/wp-content\/uploads\/2025\/04\/Region-2.jpg 1024w, https:\/\/excavationdupras.com\/site\/wp-content\/uploads\/2025\/04\/Region-2-300x205.jpg 300w, https:\/\/excavationdupras.com\/site\/wp-content\/uploads\/2025\/04\/Region-2-768x525.jpg 768w\" sizes=\"(max-width: 1024px) 100vw, 1024px\" \/>\t\t\t\t\t\t\t\t\t\t\t\t\t\t\t<\/div>\n\t\t\t\t<\/div>\n\t\t\t\t<\/div>\n\t\t\t\t<\/div>\n\t\t\t\t<\/div>\n\t\t","protected":false},"excerpt":{"rendered":"<p>Transport Yves Dupras inc. a \u00e9t\u00e9 fond\u00e9 en 1989 par Yves Dupras. Ce dernier a d\u00e9but\u00e9 dans le domaine du [&hellip;]<\/p>\n","protected":false},"author":1,"featured_media":0,"parent":0,"menu_order":0,"comment_status":"closed","ping_status":"closed","template":"","meta":{"site-sidebar-layout":"default","site-content-layout":"","ast-site-content-layout":"","site-content-style":"default","site-sidebar-style":"default","ast-global-header-display":"","ast-banner-title-visibility":"","ast-main-header-display":"","ast-hfb-above-header-display":"","ast-hfb-below-header-display":"","ast-hfb-mobile-header-display":"","site-post-title":"","ast-breadcrumbs-content":"","ast-featured-img":"","footer-sml-layout":"","theme-transparent-header-meta":"","adv-header-id-meta":"","stick-header-meta":"","header-above-stick-meta":"","header-main-stick-meta":"","header-below-stick-meta":"","astra-migrate-meta-layouts":"default","ast-page-background-enabled":"default","ast-page-background-meta":{"desktop":{"background-color":"var(--ast-global-color-5)","background-image":"","background-repeat":"repeat","background-position":"center center","background-size":"auto","background-attachment":"scroll","background-type":"","background-media":"","overlay-type":"","overlay-color":"","overlay-opacity":"","overlay-gradient":""},"tablet":{"background-color":"","background-image":"","background-repeat":"repeat","background-position":"center center","background-size":"auto","background-attachment":"scroll","background-type":"","background-media":"","overlay-type":"","overlay-color":"","overlay-opacity":"","overlay-gradient":""},"mobile":{"background-color":"","background-image":"","background-repeat":"repeat","background-position":"center center","background-size":"auto","background-attachment":"scroll","background-type":"","background-media":"","overlay-type":"","overlay-color":"","overlay-opacity":"","overlay-gradient":""}},"ast-content-background-meta":{"desktop":{"background-color":"var(--ast-global-color-4)","background-image":"","background-repeat":"repeat","background-position":"center center","background-size":"auto","background-attachment":"scroll","background-type":"","background-media":"","overlay-type":"","overlay-color":"","overlay-opacity":"","overlay-gradient":""},"tablet":{"background-color":"var(--ast-global-color-4)","background-image":"","background-repeat":"repeat","background-position":"center center","background-size":"auto","background-attachment":"scroll","background-type":"","background-media":"","overlay-type":"","overlay-color":"","overlay-opacity":"","overlay-gradient":""},"mobile":{"background-color":"var(--ast-global-color-4)","background-image":"","background-repeat":"repeat","background-position":"center center","background-size":"auto","background-attachment":"scroll","background-type":"","background-media":"","overlay-type":"","overlay-color":"","overlay-opacity":"","overlay-gradient":""}},"footnotes":""},"class_list":["post-47","page","type-page","status-publish","hentry"],"_links":{"self":[{"href":"https:\/\/excavationdupras.com\/site\/wp-json\/wp\/v2\/pages\/47","targetHints":{"allow":["GET"]}}],"collection":[{"href":"https:\/\/excavationdupras.com\/site\/wp-json\/wp\/v2\/pages"}],"about":[{"href":"https:\/\/excavationdupras.com\/site\/wp-json\/wp\/v2\/types\/page"}],"author":[{"embeddable":true,"href":"https:\/\/excavationdupras.com\/site\/wp-json\/wp\/v2\/users\/1"}],"replies":[{"embeddable":true,"href":"https:\/\/excavationdupras.com\/site\/wp-json\/wp\/v2\/comments?post=47"}],"version-history":[{"count":118,"href":"https:\/\/excavationdupras.com\/site\/wp-json\/wp\/v2\/pages\/47\/revisions"}],"predecessor-version":[{"id":1586,"href":"https:\/\/excavationdupras.com\/site\/wp-json\/wp\/v2\/pages\/47\/revisions\/1586"}],"wp:attachment":[{"href":"https:\/\/excavationdupras.com\/site\/wp-json\/wp\/v2\/media?parent=47"}],"curies":[{"name":"wp","href":"https:\/\/api.w.org\/{rel}","templated":true}]}}